{"id":1354,"date":"2025-08-29T05:45:50","date_gmt":"2025-08-29T05:45:50","guid":{"rendered":"https:\/\/brautstylingspeyer.de\/?page_id=1354"},"modified":"2025-09-13T05:43:46","modified_gmt":"2025-09-13T05:43:46","slug":"cookie-richtlinie","status":"publish","type":"page","link":"https:\/\/brautstylingspeyer.de\/index.php\/cookie-richtlinie\/","title":{"rendered":"COOKIE-RICHTLINIE"},"content":{"rendered":"\t\t<div data-elementor-type=\"wp-page\" data-elementor-id=\"1354\" class=\"elementor elementor-1354\" data-elementor-post-type=\"page\">\n\t\t\t\t<div class=\"elementor-element elementor-element-cc103e1 elementor-hidden-mobile e-flex e-con-boxed e-con e-parent\" data-id=\"cc103e1\" data-element_type=\"container\" data-e-type=\"container\">\n\t\t\t\t\t<div class=\"e-con-inner\">\n\t\t\t\t<div class=\"elementor-element elementor-element-ba10cd5 elementor-hidden-mobile elementor-widget elementor-widget-heading\" data-id=\"ba10cd5\" data-element_type=\"widget\" data-e-type=\"widget\" data-widget_type=\"heading.default\">\n\t\t\t\t\t<h2 class=\"elementor-heading-title elementor-size-default\">Cookie\u2011Richtlinie<\/h2>\t\t\t\t<\/div>\n\t\t\t\t\t<\/div>\n\t\t\t\t<\/div>\n\t\t<div class=\"elementor-element elementor-element-df76435 e-flex e-con-boxed e-con e-parent\" data-id=\"df76435\" data-element_type=\"container\" data-e-type=\"container\">\n\t\t\t\t\t<div class=\"e-con-inner\">\n\t\t<div class=\"elementor-element elementor-element-c8433c4 e-con-full e-flex e-con e-child\" data-id=\"c8433c4\" data-element_type=\"container\" data-e-type=\"container\">\n\t\t\t\t<div class=\"elementor-element elementor-element-50e309c elementor-hidden-mobile elementor-widget elementor-widget-heading\" data-id=\"50e309c\" data-element_type=\"widget\" data-e-type=\"widget\" data-widget_type=\"heading.default\">\n\t\t\t\t\t<h2 class=\"elementor-heading-title elementor-size-default\">Einleitung<\/h2>\t\t\t\t<\/div>\n\t\t\t\t<div class=\"elementor-element elementor-element-832f571 elementor-widget elementor-widget-text-editor\" data-id=\"832f571\" data-element_type=\"widget\" data-e-type=\"widget\" data-widget_type=\"text-editor.default\">\n\t\t\t\t\t\t\t\t\t<p>Diese Cookie-Richtlinie erl\u00e4utert, wie und warum\u00a0<a href=\"http:\/\/www.brautstylingspeyer.de\/\">www.brautstylingspeyer.de<\/a>\u00a0Cookies und \u00e4hnliche Technologien (z. B. Pixel, Local Storage) verwendet. Sie k\u00f6nnen Ihre Auswahl jederzeit \u00fcber den Link \u201eCookie\u2011Einstellungen\u201c am Seitenende \u00e4ndern.<\/p><p>Rechtsgrundlage<\/p><ul><li>Essenzielle Cookies: Art. 6 Abs. 1 lit. f DSGVO (berechtigtes Interesse an Betrieb\/Sicherheit)<\/li><li>Alle nicht essenziellen Cookies (z. B. Statistik, Marketing, Externe Medien): nur mit Ihrer Einwilligung (Art. 6 Abs. 1 lit. a DSGVO i. V. m. \u00a7 25 Abs. 1 TTDSG)<\/li><\/ul><p>Was sind Cookies?<br \/>Cookies sind kleine Textdateien, die auf Ihrem Endger\u00e4t gespeichert werden. Man unterscheidet:<\/p><ul><li>Session-Cookies (werden nach dem Besuch gel\u00f6scht)<\/li><li>Permanente Cookies (bleiben f\u00fcr eine festgelegte Dauer gespeichert)<\/li><li>First\u2011Party Cookies (vom Websitebetreiber) und Third\u2011Party Cookies (von Drittanbietern)<\/li><\/ul><p>Unser Einwilligungs-Tool<br \/>Wir nutzen ein Einwilligungs-Management-Tool, das Ihre Zustimmungen ableitet, speichert und nachweist.<br \/>[Name des Tools hier erg\u00e4nzen, z. B. Borlabs Cookie oder Cookiebot.]<\/p><p>Cookie\u2011Kategorien<\/p><ul><li>Essenziell: technisch notwendige Cookies (z. B. Consent\u2011Status, Sicherheits-\/Sitzungs-Cookies)<\/li><li>Funktional: Komfortfunktionen (z. B. Spracheinstellungen)<\/li><li>Statistik: anonyme Reichweitenmessung\/Analytics (nur mit Einwilligung)<\/li><li>Marketing: personalisierte Inhalte\/Anzeigen, Tracking (nur mit Einwilligung)<\/li><li>Externe Medien: Einbindungen wie Instagram-Feed, Facebook-Plugins, eingebettete Karten\/Videos (nur mit Einwilligung)<\/li><\/ul><p>Eingesetzte Cookies &amp; Dienste (Auswahl, je nach Einsatz)<br \/>A. Essenziell<\/p><ul><li><p>Consent\u2011Tool Cookie (z. B. \u201econsent_status\u201c o. \u00e4.)<br \/>Zweck: Speichert Ihre Cookie\u2011Einstellungen.<br \/>Anbieter: Websitebetreiber \/ Consent\u2011Tool\u2011Anbieter<br \/>Speicherdauer: bis zu 12 Monate<br \/>Rechtsgrundlage: Art. 6 Abs. 1 lit. f DSGVO<\/p><\/li><li><p>Session\u2011Cookie (z. B. \u201ePHPSESSID\u201c)<br \/>Zweck: Grundfunktionen der Website (Navigation\/Formulare).<br \/>Speicherdauer: Session<br \/>Rechtsgrundlage: Art. 6 Abs. 1 lit. f DSGVO<\/p><\/li><\/ul><p>B. Statistik (falls eingesetzt)<\/p><ul><li>[z. B. Google Analytics]<br \/>Anbieter: Google Ireland Limited, Gordon House, Dublin 4, Irland<br \/>Zweck: Reichweitenmessung\/Statistik<br \/>Cookies (Beispiel): _ga (2 Jahre), _gid (24 Std.)<br \/>Rechtsgrundlage: Einwilligung (Art. 6 Abs. 1 lit. a DSGVO, \u00a7 25 TTDSG)<br \/>Drittlandtransfer: USA; Standardvertragsklauseln\/DPF m\u00f6glich<br \/>Opt-out\/Infos:\u00a0<a href=\"https:\/\/policies.google.com\/privacy\">https:\/\/policies.google.com\/privacy<\/a><\/li><\/ul><p>C. Marketing (falls eingesetzt)<\/p><ul><li>Meta Pixel (Facebook)<br \/>Anbieter: Meta Platforms Ireland Limited, Dublin, Irland<br \/>Zweck: Reichweitenmessung\/Marketing<br \/>Verarbeitete Daten: z. B. IP, User-Agent, Pixel-ID, Seitenaufrufe, Events<br \/>Rechtsgrundlage: Einwilligung<br \/>Drittlandtransfer: USA; Standardvertragsklauseln\/DPF<br \/>Infos:\u00a0<a href=\"https:\/\/www.facebook.com\/policy.php\">https:\/\/www.facebook.com\/policy.php<\/a><\/li><\/ul><p>D. Externe Medien (falls eingesetzt)<\/p><ul><li><p>Instagram\u2011Einbettungen<br \/>Anbieter: Meta Platforms Ireland Limited, Dublin, Irland<br \/>Zweck: Anzeige eingebetteter Fotos\/Feeds<br \/>Rechtsgrundlage: Einwilligung<br \/>Drittlandtransfer: USA; Standardvertragsklauseln\/DPF<br \/>Infos:\u00a0<a href=\"https:\/\/privacycenter.instagram.com\/policy\/\">https:\/\/privacycenter.instagram.com\/policy\/<\/a><\/p><\/li><li><p>Facebook\u2011Plugins (z. B. Like-Button)<br \/>Anbieter: Meta Platforms Ireland Limited<br \/>Zweck: Social\u2011Interaktion\/Einbettung<br \/>Rechtsgrundlage: Einwilligung<br \/>Hinweise zur gemeinsamen Verantwortlichkeit (Art. 26 DSGVO):<br \/><a href=\"https:\/\/www.facebook.com\/legal\/controller_addendum\">https:\/\/www.facebook.com\/legal\/controller_addendum<\/a><\/p><\/li><\/ul><p>Ihre Einstellungen \u00e4ndern\/widerrufen<\/p><ul><li>\u00dcber \u201eCookie\u2011Einstellungen\u201c k\u00f6nnen Sie Ihre Auswahl jederzeit anpassen oder widerrufen.<\/li><li>Sie k\u00f6nnen Cookies zudem in Ihrem Browser l\u00f6schen\/blockieren. Dies kann die Funktionalit\u00e4t der Website einschr\u00e4nken.<\/li><\/ul><p>Daten\u00fcbermittlung in Drittl\u00e4nder<br \/>Bei Einbindung bestimmter Dienste (z. B. Meta\/Facebook\/Instagram) kann eine \u00dcbermittlung in die USA erfolgen. Rechtsgrundlagen sind in der Regel Standardvertragsklauseln der EU-Kommission und\/oder das EU\u2011US Data Privacy Framework (sofern anwendbar).<\/p><p>Stand<br \/>[Monat Jahr eintragen]<\/p>\t\t\t\t\t\t\t\t<\/div>\n\t\t\t\t<\/div>\n\t\t\t\t\t<\/div>\n\t\t\t\t<\/div>\n\t\t\t\t<\/div>\n\t\t","protected":false},"excerpt":{"rendered":"<p>Cookie\u2011Richtlinie Einleitung Diese Cookie-Richtlinie erl\u00e4utert, wie und warum\u00a0www.brautstylingspeyer.de\u00a0Cookies und \u00e4hnliche Technologien (z. B. Pixel, Local Storage) verwendet. Sie k\u00f6nnen Ihre Auswahl jederzeit \u00fcber den Link \u201eCookie\u2011Einstellungen\u201c am Seitenende \u00e4ndern. Rechtsgrundlage Essenzielle Cookies: Art. 6 Abs. 1 lit. f DSGVO (berechtigtes Interesse an Betrieb\/Sicherheit) Alle nicht essenziellen Cookies (z. B. Statistik, Marketing, Externe Medien): nur mit [&hellip;]<\/p>\n","protected":false},"author":1,"featured_media":0,"parent":0,"menu_order":0,"comment_status":"closed","ping_status":"closed","template":"","meta":{"footnotes":""},"class_list":["post-1354","page","type-page","status-publish","hentry"],"aioseo_notices":[],"_links":{"self":[{"href":"https:\/\/brautstylingspeyer.de\/index.php\/wp-json\/wp\/v2\/pages\/1354","targetHints":{"allow":["GET"]}}],"collection":[{"href":"https:\/\/brautstylingspeyer.de\/index.php\/wp-json\/wp\/v2\/pages"}],"about":[{"href":"https:\/\/brautstylingspeyer.de\/index.php\/wp-json\/wp\/v2\/types\/page"}],"author":[{"embeddable":true,"href":"https:\/\/brautstylingspeyer.de\/index.php\/wp-json\/wp\/v2\/users\/1"}],"replies":[{"embeddable":true,"href":"https:\/\/brautstylingspeyer.de\/index.php\/wp-json\/wp\/v2\/comments?post=1354"}],"version-history":[{"count":8,"href":"https:\/\/brautstylingspeyer.de\/index.php\/wp-json\/wp\/v2\/pages\/1354\/revisions"}],"predecessor-version":[{"id":2614,"href":"https:\/\/brautstylingspeyer.de\/index.php\/wp-json\/wp\/v2\/pages\/1354\/revisions\/2614"}],"wp:attachment":[{"href":"https:\/\/brautstylingspeyer.de\/index.php\/wp-json\/wp\/v2\/media?parent=1354"}],"curies":[{"name":"wp","href":"https:\/\/api.w.org\/{rel}","templated":true}]}}