{"id":1351,"date":"2025-08-29T05:45:24","date_gmt":"2025-08-29T05:45:24","guid":{"rendered":"https:\/\/brautstylingspeyer.de\/?page_id=1351"},"modified":"2025-09-13T05:41:48","modified_gmt":"2025-09-13T05:41:48","slug":"datenschutzerklarung","status":"publish","type":"page","link":"https:\/\/brautstylingspeyer.de\/index.php\/datenschutzerklarung\/","title":{"rendered":"DATENSCHUTZERKL\u00c4RUNG"},"content":{"rendered":"\t\t<div data-elementor-type=\"wp-page\" data-elementor-id=\"1351\" class=\"elementor elementor-1351\" data-elementor-post-type=\"page\">\n\t\t\t\t<div class=\"elementor-element elementor-element-ada6bf8 elementor-hidden-mobile e-flex e-con-boxed e-con e-parent\" data-id=\"ada6bf8\" data-element_type=\"container\" data-e-type=\"container\">\n\t\t\t\t\t<div class=\"e-con-inner\">\n\t\t\t\t<div class=\"elementor-element elementor-element-38eb88b elementor-hidden-mobile elementor-widget elementor-widget-heading\" data-id=\"38eb88b\" data-element_type=\"widget\" data-e-type=\"widget\" data-widget_type=\"heading.default\">\n\t\t\t\t\t<h2 class=\"elementor-heading-title elementor-size-default\">Datenschutzerkl\u00e4rung<\/h2>\t\t\t\t<\/div>\n\t\t\t\t\t<\/div>\n\t\t\t\t<\/div>\n\t\t<div class=\"elementor-element elementor-element-687da9f e-flex e-con-boxed e-con e-parent\" data-id=\"687da9f\" data-element_type=\"container\" data-e-type=\"container\">\n\t\t\t\t\t<div class=\"e-con-inner\">\n\t\t<div class=\"elementor-element elementor-element-002077f e-con-full e-flex e-con e-child\" data-id=\"002077f\" data-element_type=\"container\" data-e-type=\"container\">\n\t\t\t\t<div class=\"elementor-element elementor-element-3dfd569 elementor-hidden-mobile elementor-widget elementor-widget-heading\" data-id=\"3dfd569\" data-element_type=\"widget\" data-e-type=\"widget\" data-widget_type=\"heading.default\">\n\t\t\t\t\t<h2 class=\"elementor-heading-title elementor-size-default\">Datenschutz auf einen Blick<\/h2>\t\t\t\t<\/div>\n\t\t\t\t<div class=\"elementor-element elementor-element-1102553 elementor-widget elementor-widget-text-editor\" data-id=\"1102553\" data-element_type=\"widget\" data-e-type=\"widget\" data-widget_type=\"text-editor.default\">\n\t\t\t\t\t\t\t\t\t<ol><li>Datenschutz auf einen Blick<br \/>Allgemeine Hinweise<br \/>Die folgenden Hinweise geben einen \u00dcberblick dar\u00fcber, was mit Ihren personenbezogenen Daten passiert, wenn Sie diese Website besuchen. Personenbezogene Daten sind alle Daten, mit denen Sie pers\u00f6nlich identifiziert werden k\u00f6nnen.<\/li><\/ol><p>Wer ist verantwortlich f\u00fcr die Datenerfassung auf dieser Website?<br \/>Verantwortliche Stelle ist:<br \/>Vanessa Orlow<br \/>Mozartstra\u00dfe 26, 67165 Waldsee, Deutschland<br \/>Telefon: +49 176 62671286<br \/>E-Mail:\u00a0<a href=\"mailto:vanessaorlow@gmail.com\">vanessaorlow@gmail.com<\/a><\/p><p>Wie erfassen wir Ihre Daten?<\/p><ul><li>Ihre Daten werden zum einen dadurch erhoben, dass Sie uns diese mitteilen (z. B. Daten aus einem Kontaktformular).<\/li><li>Andere Daten werden automatisch oder nach Ihrer Einwilligung beim Besuch der Website durch unsere IT-Systeme erfasst (z. B. Browser, Betriebssystem, Uhrzeit des Seitenaufrufs, IP-Adresse).<\/li><\/ul><p>Wof\u00fcr nutzen wir Ihre Daten?<br \/>Ein Teil der Daten wird erhoben, um eine fehlerfreie Bereitstellung der Website zu gew\u00e4hrleisten. Andere Daten k\u00f6nnen zur Analyse des Nutzerverhaltens verwendet werden.<\/p><p>Welche Rechte haben Sie?<br \/>Sie haben u. a. das Recht auf Auskunft, Berichtigung, L\u00f6schung, Einschr\u00e4nkung der Verarbeitung, Daten\u00fcbertragbarkeit sowie Widerspruch gegen bestimmte Verarbeitungen. Au\u00dferdem steht Ihnen ein Beschwerderecht bei der zust\u00e4ndigen Aufsichtsbeh\u00f6rde zu.<\/p><ol start=\"2\"><li>Allgemeine Hinweise und Pflichtinformationen<br \/>Datenschutz<br \/>Wir behandeln Ihre personenbezogenen Daten vertraulich und entsprechend den gesetzlichen Datenschutzvorschriften sowie dieser Datenschutzerkl\u00e4rung. Bitte beachten Sie, dass die Daten\u00fcbertragung im Internet Sicherheitsl\u00fccken aufweisen kann.<\/li><\/ol><p>Hinweis zur verantwortlichen Stelle<br \/>Verantwortliche Stelle ist die oben genannte nat\u00fcrliche Person (Vanessa Orlow), die allein \u00fcber Zwecke und Mittel der Verarbeitung von personenbezogenen Daten entscheidet.<\/p><p>Speicherdauer<br \/>Soweit in dieser Erkl\u00e4rung keine speziellere Speicherdauer genannt wird, verbleiben personenbezogene Daten bei uns, bis der Zweck der Verarbeitung entf\u00e4llt, Sie Ihre Einwilligung widerrufen oder einer weiteren Verarbeitung widersprechen. Gesetzliche Aufbewahrungsfristen bleiben unber\u00fchrt.<\/p><p>Rechtsgrundlagen der Datenverarbeitung auf dieser Website<\/p><ul><li>Einwilligung: Art. 6 Abs. 1 lit. a DSGVO (ggf. i. V. m. \u00a7 25 Abs. 1 TTDSG f\u00fcr Cookies\/Endger\u00e4tezugriff)<\/li><li>Vertrag\/Anbahnung: Art. 6 Abs. 1 lit. b DSGVO<\/li><li>Rechtliche Verpflichtung: Art. 6 Abs. 1 lit. c DSGVO<\/li><li>Berechtigtes Interesse: Art. 6 Abs. 1 lit. f DSGVO<\/li><\/ul><p>Empf\u00e4nger von personenbezogenen Daten<br \/>Wir arbeiten mit externen Stellen zusammen (z. B. Hosting). Eine \u00dcbermittlung erfolgt nur, wenn dies zur Vertragserf\u00fcllung erforderlich ist, eine rechtliche Verpflichtung besteht, ein berechtigtes Interesse \u00fcberwiegt oder eine Einwilligung vorliegt. Beim Einsatz von Auftragsverarbeitern schlie\u00dfen wir einen Vertrag zur Auftragsverarbeitung (Art. 28 DSGVO).<\/p><p>Widerruf Ihrer Einwilligung<br \/>Viele Verarbeitungsvorg\u00e4nge sind nur mit Ihrer Einwilligung m\u00f6glich. Sie k\u00f6nnen eine erteilte Einwilligung jederzeit mit Wirkung f\u00fcr die Zukunft widerrufen.<\/p><p>Widerspruchsrecht nach Art. 21 DSGVO<br \/>Sie haben das Recht, aus Gr\u00fcnden, die sich aus Ihrer besonderen Situation ergeben, jederzeit gegen die Verarbeitung Ihrer personenbezogenen Daten, die auf Art. 6 Abs. 1 lit. e oder f DSGVO beruht, Widerspruch einzulegen. Bei Direktwerbung haben Sie ein generelles Widerspruchsrecht.<\/p><p>Beschwerderecht bei der Aufsichtsbeh\u00f6rde<br \/>Im Falle von Verst\u00f6\u00dfen gegen die DSGVO steht Ihnen ein Beschwerderecht bei einer Aufsichtsbeh\u00f6rde zu, insbesondere am Ort Ihres gew\u00f6hnlichen Aufenthalts, Ihres Arbeitsplatzes oder des mutma\u00dflichen Versto\u00dfes.<\/p><p>Recht auf Daten\u00fcbertragbarkeit<br \/>Sie haben das Recht, Daten, die wir automatisiert verarbeiten, an sich oder an Dritte in einem g\u00e4ngigen, maschinenlesbaren Format aush\u00e4ndigen zu lassen.<\/p><p>Auskunft, Berichtigung, L\u00f6schung und Einschr\u00e4nkung<br \/>Sie haben jederzeit das Recht auf unentgeltliche Auskunft \u00fcber Ihre gespeicherten personenbezogenen Daten, deren Herkunft und Empf\u00e4nger sowie den Zweck der Verarbeitung und ggf. ein Recht auf Berichtigung, L\u00f6schung oder Einschr\u00e4nkung.<\/p><p>SSL- bzw. TLS-Verschl\u00fcsselung<br \/>Diese Seite nutzt aus Sicherheitsgr\u00fcnden eine SSL-\/TLS-Verschl\u00fcsselung. Eine verschl\u00fcsselte Verbindung erkennen Sie an \u201ehttps:\/\/\u201c und dem Schloss-Symbol im Browser.<\/p><p>Widerspruch gegen Werbe-E-Mails<br \/>Der Nutzung von im Impressum ver\u00f6ffentlichten Kontaktdaten zur \u00dcbersendung von nicht ausdr\u00fccklich angeforderter Werbung wird widersprochen.<\/p><ol start=\"3\"><li>Datenerfassung auf dieser Website<br \/>Server-Log-Dateien<br \/>Der Provider der Seiten erhebt und speichert automatisch Informationen in Server-Log-Dateien, die Ihr Browser automatisch \u00fcbermittelt:<\/li><\/ol><ul><li>Browsertyp und -version, verwendetes Betriebssystem<\/li><li>Referrer URL, Hostname des zugreifenden Rechners<\/li><li>Uhrzeit der Serveranfrage, IP-Adresse<br \/>Rechtsgrundlage: Art. 6 Abs. 1 lit. f DSGVO (berechtigtes Interesse an technischer Stabilit\u00e4t und Sicherheit).<\/li><\/ul><p>Anfrage per E-Mail oder Telefon \/ Kontaktformular<br \/>Wenn Sie uns per E-Mail\/Telefon kontaktieren oder ein Kontaktformular nutzen, werden Ihre Angaben inklusive der Kontaktdaten zwecks Bearbeitung und Anschlussfragen gespeichert.<br \/>Rechtsgrundlagen: Art. 6 Abs. 1 lit. b DSGVO (vor-\/vertragliche Ma\u00dfnahmen), Art. 6 Abs. 1 lit. f DSGVO (berechtigtes Interesse an effizienter Bearbeitung) oder Art. 6 Abs. 1 lit. a DSGVO (Einwilligung), sofern abgefragt.<\/p><ol start=\"4\"><li><p>Cookies und Einwilligungsmanagement<br \/>Unsere Website kann Cookies und \u00e4hnliche Technologien verwenden. Notwendige Cookies sind f\u00fcr den Betrieb erforderlich (Art. 6 Abs. 1 lit. f DSGVO). F\u00fcr nicht essenzielle Cookies (z. B. Statistik\/Marketing) holen wir Ihre Einwilligung ein (Art. 6 Abs. 1 lit. a DSGVO i. V. m. \u00a7 25 Abs. 1 TTDSG). Ihre Auswahl k\u00f6nnen Sie jederzeit \u00fcber \u201eCookie-Einstellungen\u201c \u00e4ndern.<\/p><\/li><li><p>Soziale Medien<br \/>Facebook<br \/>Diese Website kann Elemente des sozialen Netzwerks Facebook einbinden. Anbieter: Meta Platforms Ireland Limited, 4 Grand Canal Square, Dublin 2, Irland. Bei aktivem Element wird eine direkte Verbindung zwischen Ihrem Endger\u00e4t und dem Facebook-Server hergestellt; Facebook erh\u00e4lt Ihre IP-Adresse und ggf. weitere Daten. Sind Sie eingeloggt, kann der Besuch Ihrem Konto zugeordnet werden.<\/p><\/li><\/ol><ul><li>Rechtsgrundlage: Einwilligung (Art. 6 Abs. 1 lit. a DSGVO, \u00a7 25 TTDSG) bzw. berechtigtes Interesse (Art. 6 Abs. 1 lit. f DSGVO), soweit zul\u00e4ssig.<\/li><li>Gemeinsame Verantwortlichkeit gem. Art. 26 DSGVO beschr\u00e4nkt auf Erfassung\/Weitergabe:\u00a0<a href=\"https:\/\/www.facebook.com\/legal\/controller_addendum\">https:\/\/www.facebook.com\/legal\/controller_addendum<\/a><\/li><li>Drittlandtransfer (USA): Standardvertragsklauseln und\/oder EU\u2011US Data Privacy Framework (DPF). Datenschutz:\u00a0<a href=\"https:\/\/de-de.facebook.com\/privacy\/explanation\">https:\/\/de-de.facebook.com\/privacy\/explanation<\/a><\/li><\/ul><p>Instagram<br \/>Funktionen von Instagram k\u00f6nnen eingebunden sein. Anbieter: Meta Platforms Ireland Limited, 4 Grand Canal Square, Dublin 2, Irland. Bei aktivem Element erh\u00e4lt Instagram Informationen \u00fcber Ihren Besuch. Sind Sie eingeloggt, kann der Besuch Ihrem Konto zugeordnet werden.<\/p><ul><li>Rechtsgrundlage: Einwilligung (Art. 6 Abs. 1 lit. a DSGVO, \u00a7 25 TTDSG) bzw. berechtigtes Interesse (Art. 6 Abs. 1 lit. f DSGVO).<\/li><li>Gemeinsame Verantwortlichkeit gem. Art. 26 DSGVO (beschr\u00e4nkt auf Erfassung\/Weitergabe):\u00a0<a href=\"https:\/\/www.facebook.com\/legal\/controller_addendum\">https:\/\/www.facebook.com\/legal\/controller_addendum<\/a><\/li><li>Drittlandtransfer (USA): Standardvertragsklauseln\/DPF. Datenschutz:\u00a0<a href=\"https:\/\/privacycenter.instagram.com\/policy\/\">https:\/\/privacycenter.instagram.com\/policy\/<\/a><\/li><\/ul><ol start=\"6\"><li><p>Externes Hosting<br \/>Diese Website wird bei einem externen Dienstleister gehostet (Hosting-Provider). Personenbezogene Daten, die auf dieser Website erfasst werden, werden auf den Servern des Hosters verarbeitet (u. a. IP-Adressen, Meta-\/Kommunikationsdaten, Webseitenzugriffe).<br \/>Rechtsgrundlagen: Art. 6 Abs. 1 lit. f DSGVO (berechtigtes Interesse an sicherer, effizienter Bereitstellung) und Art. 28 DSGVO (Auftragsverarbeitung).<br \/>[Bitte Name\/Anschrift des Hosters hier erg\u00e4nzen.]<\/p><\/li><li><p>\u00c4nderungen dieser Datenschutzerkl\u00e4rung<br \/>Wir behalten uns vor, diese Erkl\u00e4rung bei Bedarf anzupassen.<br \/>Stand: [Monat Jahr eintragen]<\/p><\/li><\/ol>\t\t\t\t\t\t\t\t<\/div>\n\t\t\t\t<\/div>\n\t\t\t\t\t<\/div>\n\t\t\t\t<\/div>\n\t\t\t\t<\/div>\n\t\t","protected":false},"excerpt":{"rendered":"<p>Datenschutzerkl\u00e4rung Datenschutz auf einen Blick Datenschutz auf einen BlickAllgemeine HinweiseDie folgenden Hinweise geben einen \u00dcberblick dar\u00fcber, was mit Ihren personenbezogenen Daten passiert, wenn Sie diese Website besuchen. Personenbezogene Daten sind alle Daten, mit denen Sie pers\u00f6nlich identifiziert werden k\u00f6nnen. Wer ist verantwortlich f\u00fcr die Datenerfassung auf dieser Website?Verantwortliche Stelle ist:Vanessa OrlowMozartstra\u00dfe 26, 67165 Waldsee, DeutschlandTelefon: [&hellip;]<\/p>\n","protected":false},"author":1,"featured_media":0,"parent":0,"menu_order":0,"comment_status":"closed","ping_status":"closed","template":"","meta":{"footnotes":""},"class_list":["post-1351","page","type-page","status-publish","hentry"],"aioseo_notices":[],"_links":{"self":[{"href":"https:\/\/brautstylingspeyer.de\/index.php\/wp-json\/wp\/v2\/pages\/1351","targetHints":{"allow":["GET"]}}],"collection":[{"href":"https:\/\/brautstylingspeyer.de\/index.php\/wp-json\/wp\/v2\/pages"}],"about":[{"href":"https:\/\/brautstylingspeyer.de\/index.php\/wp-json\/wp\/v2\/types\/page"}],"author":[{"embeddable":true,"href":"https:\/\/brautstylingspeyer.de\/index.php\/wp-json\/wp\/v2\/users\/1"}],"replies":[{"embeddable":true,"href":"https:\/\/brautstylingspeyer.de\/index.php\/wp-json\/wp\/v2\/comments?post=1351"}],"version-history":[{"count":8,"href":"https:\/\/brautstylingspeyer.de\/index.php\/wp-json\/wp\/v2\/pages\/1351\/revisions"}],"predecessor-version":[{"id":2611,"href":"https:\/\/brautstylingspeyer.de\/index.php\/wp-json\/wp\/v2\/pages\/1351\/revisions\/2611"}],"wp:attachment":[{"href":"https:\/\/brautstylingspeyer.de\/index.php\/wp-json\/wp\/v2\/media?parent=1351"}],"curies":[{"name":"wp","href":"https:\/\/api.w.org\/{rel}","templated":true}]}}