{"id":1348,"date":"2025-08-29T05:44:43","date_gmt":"2025-08-29T05:44:43","guid":{"rendered":"https:\/\/brautstylingspeyer.de\/?page_id=1348"},"modified":"2025-09-13T05:40:14","modified_gmt":"2025-09-13T05:40:14","slug":"impressum","status":"publish","type":"page","link":"https:\/\/brautstylingspeyer.de\/index.php\/impressum\/","title":{"rendered":"IMPRESSUM"},"content":{"rendered":"\t\t<div data-elementor-type=\"wp-page\" data-elementor-id=\"1348\" class=\"elementor elementor-1348\" data-elementor-post-type=\"page\">\n\t\t\t\t<div class=\"elementor-element elementor-element-bd27349 elementor-hidden-mobile e-flex e-con-boxed e-con e-parent\" data-id=\"bd27349\" data-element_type=\"container\" data-e-type=\"container\">\n\t\t\t\t\t<div class=\"e-con-inner\">\n\t\t\t\t<div class=\"elementor-element elementor-element-97f9248 elementor-hidden-mobile elementor-widget elementor-widget-heading\" data-id=\"97f9248\" data-element_type=\"widget\" data-e-type=\"widget\" data-widget_type=\"heading.default\">\n\t\t\t\t\t<h2 class=\"elementor-heading-title elementor-size-default\">Impressum<\/h2>\t\t\t\t<\/div>\n\t\t\t\t\t<\/div>\n\t\t\t\t<\/div>\n\t\t<div class=\"elementor-element elementor-element-a39e1eb e-flex e-con-boxed e-con e-parent\" data-id=\"a39e1eb\" data-element_type=\"container\" data-e-type=\"container\">\n\t\t\t\t\t<div class=\"e-con-inner\">\n\t\t<div class=\"elementor-element elementor-element-a057137 e-con-full e-flex e-con e-child\" data-id=\"a057137\" data-element_type=\"container\" data-e-type=\"container\">\n\t\t\t\t<div class=\"elementor-element elementor-element-14ca117 elementor-hidden-mobile elementor-widget elementor-widget-heading\" data-id=\"14ca117\" data-element_type=\"widget\" data-e-type=\"widget\" data-widget_type=\"heading.default\">\n\t\t\t\t\t<h2 class=\"elementor-heading-title elementor-size-default\">Impressum (Angaben gem\u00e4\u00df \u00a7 5 TMG)<\/h2>\t\t\t\t<\/div>\n\t\t\t\t<\/div>\n\t\t\t\t<div class=\"elementor-element elementor-element-a334dab elementor-widget elementor-widget-text-editor\" data-id=\"a334dab\" data-element_type=\"widget\" data-e-type=\"widget\" data-widget_type=\"text-editor.default\">\n\t\t\t\t\t\t\t\t\t<p>Anbieter<br \/>Vanessa Orlow<br \/>Mozartstra\u00dfe 26<br \/>67165 Waldsee<br \/>Deutschland<\/p><p>Kontakt<br \/>Telefon: +49 176 62671286<br \/>E-Mail:\u00a0<a href=\"mailto:vanessaorlow@gmail.com\">vanessaorlow@gmail.com<\/a><br \/>Web:\u00a0<a href=\"https:\/\/www.brautstylingspeyer.de\/\">https:\/\/www.brautstylingspeyer.de<\/a><\/p><p>Berufsbezeichnung<br \/>Hair &amp; Make-up Artist (Deutschland)<\/p><p>Umsatzsteuer-ID<\/p><p>Inhaltlich verantwortlich gem. \u00a7 18 Abs. 2 MStV<br \/>Vanessa Orlow, Anschrift wie oben<\/p><p>EU-Streitschlichtung<br \/>Die Europ\u00e4ische Kommission stellt eine Plattform zur Online-Streitbeilegung (OS) bereit:\u00a0<a href=\"https:\/\/ec.europa.eu\/consumers\/odr\">https:\/\/ec.europa.eu\/consumers\/odr<\/a><br \/>Unsere E-Mail-Adresse finden Sie oben im Impressum.<\/p><p>Haftungsausschluss \u2013 Inhalte<br \/>Die Inhalte dieser Seiten wurden mit gr\u00f6\u00dfter Sorgfalt erstellt. F\u00fcr die Richtigkeit, Vollst\u00e4ndigkeit und Aktualit\u00e4t der Inhalte \u00fcbernehmen wir jedoch keine Gew\u00e4hr. Als Diensteanbieter sind wir gem\u00e4\u00df \u00a7 7 Abs. 1 TMG f\u00fcr eigene Inhalte nach den allgemeinen Gesetzen verantwortlich. Nach \u00a7\u00a7 8 bis 10 TMG sind wir jedoch nicht verpflichtet, \u00fcbermittelte oder gespeicherte fremde Informationen zu \u00fcberwachen oder nach Umst\u00e4nden zu forschen, die auf eine rechtswidrige T\u00e4tigkeit hinweisen. Verpflichtungen zur Entfernung oder Sperrung der Nutzung von Informationen bleiben nach den allgemeinen Gesetzen unber\u00fchrt. Eine Haftung ist erst ab dem Zeitpunkt der Kenntnis einer konkreten Rechtsverletzung m\u00f6glich. Bei Bekanntwerden entsprechender Rechtsverletzungen entfernen wir diese Inhalte umgehend.<\/p><p>Haftung f\u00fcr Links<br \/>Unser Angebot enth\u00e4lt Links zu externen Websites Dritter, auf deren Inhalte wir keinen Einfluss haben. F\u00fcr diese fremden Inhalte \u00fcbernehmen wir keine Gew\u00e4hr. F\u00fcr die Inhalte der verlinkten Seiten ist stets der jeweilige Anbieter oder Betreiber verantwortlich. Rechtswidrige Inhalte waren zum Zeitpunkt der Verlinkung nicht erkennbar. Eine permanente inhaltliche Kontrolle der verlinkten Seiten ist ohne konkrete Anhaltspunkte nicht zumutbar. Bei Bekanntwerden von Rechtsverletzungen entfernen wir derartige Links umgehend.<\/p><p>Hyperlinks<br \/>Die Einrichtung eines Hyperlinks auf der Website\u00a0<a href=\"http:\/\/www.brautstylingspeyer.de\/\">www.brautstylingspeyer.de<\/a>\u00a0unterliegt der Genehmigung der publizistisch verantwortlichen Person. F\u00fcr Hyperlinks von\u00a0<a href=\"http:\/\/www.brautstylingspeyer.de\/\">www.brautstylingspeyer.de<\/a>\u00a0zu anderen Websites \u00fcbernehmen wir keinerlei Haftung.<\/p><p>Urheberrechte<br \/>Die durch die Seitenbetreiber erstellten Inhalte dieser Website unterliegen dem deutschen Urheberrecht. Die Vervielf\u00e4ltigung, Bearbeitung, Verbreitung und jede Art der Verwertung au\u00dferhalb der Grenzen des Urheberrechts bed\u00fcrfen der schriftlichen Zustimmung der Rechteinhaber. Jede vollst\u00e4ndige oder teilweise Reproduktion oder Darstellung der Website, Daten oder Bestandteile von\u00a0<a href=\"http:\/\/www.brautstylingspeyer.de\/\">www.brautstylingspeyer.de<\/a>\u00a0\u2013 in welchem Verfahren und auf welchem Datentr\u00e4ger auch immer \u2013 ist ohne Zustimmung untersagt.<\/p><p>Technische Informationen<br \/>Wir weisen darauf hin, dass die Vertraulichkeit im Internet nicht gew\u00e4hrleistet ist. Jede Nutzerin\/jeder Nutzer ist daher selbst verantwortlich, ihre\/seine Daten und Software angemessen vor eventuell im Internet zirkulierenden Viren zu sch\u00fctzen.<\/p>\t\t\t\t\t\t\t\t<\/div>\n\t\t\t\t\t<\/div>\n\t\t\t\t<\/div>\n\t\t\t\t<\/div>\n\t\t","protected":false},"excerpt":{"rendered":"<p>Impressum Impressum (Angaben gem\u00e4\u00df \u00a7 5 TMG) AnbieterVanessa OrlowMozartstra\u00dfe 2667165 WaldseeDeutschland KontaktTelefon: +49 176 62671286E-Mail:\u00a0vanessaorlow@gmail.comWeb:\u00a0https:\/\/www.brautstylingspeyer.de BerufsbezeichnungHair &amp; Make-up Artist (Deutschland) Umsatzsteuer-ID Inhaltlich verantwortlich gem. \u00a7 18 Abs. 2 MStVVanessa Orlow, Anschrift wie oben EU-StreitschlichtungDie Europ\u00e4ische Kommission stellt eine Plattform zur Online-Streitbeilegung (OS) bereit:\u00a0https:\/\/ec.europa.eu\/consumers\/odrUnsere E-Mail-Adresse finden Sie oben im Impressum. Haftungsausschluss \u2013 InhalteDie Inhalte dieser Seiten [&hellip;]<\/p>\n","protected":false},"author":1,"featured_media":0,"parent":0,"menu_order":0,"comment_status":"closed","ping_status":"closed","template":"","meta":{"footnotes":""},"class_list":["post-1348","page","type-page","status-publish","hentry"],"aioseo_notices":[],"_links":{"self":[{"href":"https:\/\/brautstylingspeyer.de\/index.php\/wp-json\/wp\/v2\/pages\/1348","targetHints":{"allow":["GET"]}}],"collection":[{"href":"https:\/\/brautstylingspeyer.de\/index.php\/wp-json\/wp\/v2\/pages"}],"about":[{"href":"https:\/\/brautstylingspeyer.de\/index.php\/wp-json\/wp\/v2\/types\/page"}],"author":[{"embeddable":true,"href":"https:\/\/brautstylingspeyer.de\/index.php\/wp-json\/wp\/v2\/users\/1"}],"replies":[{"embeddable":true,"href":"https:\/\/brautstylingspeyer.de\/index.php\/wp-json\/wp\/v2\/comments?post=1348"}],"version-history":[{"count":26,"href":"https:\/\/brautstylingspeyer.de\/index.php\/wp-json\/wp\/v2\/pages\/1348\/revisions"}],"predecessor-version":[{"id":2608,"href":"https:\/\/brautstylingspeyer.de\/index.php\/wp-json\/wp\/v2\/pages\/1348\/revisions\/2608"}],"wp:attachment":[{"href":"https:\/\/brautstylingspeyer.de\/index.php\/wp-json\/wp\/v2\/media?parent=1348"}],"curies":[{"name":"wp","href":"https:\/\/api.w.org\/{rel}","templated":true}]}}